{"id":1021,"date":"2016-12-02T11:20:13","date_gmt":"2016-12-02T10:20:13","guid":{"rendered":"http:\/\/pt-020.nl\/?page_id=1021"},"modified":"2025-09-11T23:05:34","modified_gmt":"2025-09-11T21:05:34","slug":"voeding","status":"publish","type":"page","link":"https:\/\/pt-020.nl\/nl\/voeding\/","title":{"rendered":"Voedingsadvies"},"content":{"rendered":"\t\t<div data-elementor-type=\"wp-page\" data-elementor-id=\"1021\" class=\"elementor elementor-1021\">\n\t\t\t\t\t\t\t\t\t<section class=\"elementor-section elementor-top-section elementor-element elementor-element-e0079e5 elementor-section-boxed elementor-section-height-default elementor-section-height-default\" data-id=\"e0079e5\" data-element_type=\"section\">\n\t\t\t\t\t\t<div class=\"elementor-container elementor-column-gap-default\">\n\t\t\t\t\t<div class=\"elementor-column elementor-col-66 elementor-top-column elementor-element elementor-element-4e14174\" data-id=\"4e14174\" data-element_type=\"column\">\n\t\t\t<div class=\"elementor-widget-wrap elementor-element-populated\">\n\t\t\t\t\t\t\t\t<div class=\"elementor-element elementor-element-6ad4133 elementor-widget elementor-widget-text-editor\" data-id=\"6ad4133\" data-element_type=\"widget\" data-widget_type=\"text-editor.default\">\n\t\t\t\t<div class=\"elementor-widget-container\">\n\t\t\t\t\t\t\t<h3><b>Voeding als Fundament<\/b><\/h3><p><span style=\"font-weight: 400;\">Zonder de juiste voedingsstoffen zul je nooit je volledige potentieel bereiken. Gezonde voeding is essentieel voor echte resultaten. Daarom ondersteunen we je met een persoonlijk voedingsplan naast je training.<\/span><\/p><h3><b>Afgestemd op Jouw Lichaam<\/b><\/h3><p><span style=\"font-weight: 400;\">Iedereen reageert anders op voeding. Wij geloven niet in one-size-fits-all di\u00ebten\u2014onze aanpak is volledig gepersonaliseerd. Je leert luisteren naar je lichaam en ontdekt welke voedingsstoffen jou helpen om optimaal te presteren.<\/span><\/p><h3><b>Houd je Voeding bij<\/b><\/h3><p><span style=\"font-weight: 400;\">Vanaf dag \u00e9\u00e9n houd je je voeding bij via onze app. Die laat je precies zien hoeveel calorie\u00ebn en macro\u2019s je dagelijks nodig hebt. Je krijgt ook dagelijkse voorbeeldmaaltijden\u2014volledig afgestemd op jouw doelen en de juiste voedingsbalans.<\/span><\/p>\t\t\t\t\t\t<\/div>\n\t\t\t\t<\/div>\n\t\t\t\t<div class=\"elementor-element elementor-element-d907f04 elementor-widget elementor-widget-button\" data-id=\"d907f04\" data-element_type=\"widget\" data-widget_type=\"button.default\">\n\t\t\t\t<div class=\"elementor-widget-container\">\n\t\t\t\t\t<div class=\"elementor-button-wrapper\">\n\t\t\t<a class=\"elementor-button elementor-button-link elementor-size-sm\" href=\"https:\/\/pt-020.nl\/free-session\">\n\t\t\t\t\t\t<span class=\"elementor-button-content-wrapper\">\n\t\t\t\t\t\t<span class=\"elementor-button-icon elementor-align-icon-right\">\n\t\t\t\t<i aria-hidden=\"true\" class=\"fas fa-long-arrow-alt-right\"><\/i>\t\t\t<\/span>\n\t\t\t\t\t\t<span class=\"elementor-button-text\">START NU JE GRATIS SESSIE<\/span>\n\t\t<\/span>\n\t\t\t\t\t<\/a>\n\t\t<\/div>\n\t\t\t\t<\/div>\n\t\t\t\t<\/div>\n\t\t\t\t\t<\/div>\n\t\t<\/div>\n\t\t\t\t<div class=\"elementor-column elementor-col-33 elementor-top-column elementor-element elementor-element-70cc6e4\" data-id=\"70cc6e4\" data-element_type=\"column\">\n\t\t\t<div class=\"elementor-widget-wrap elementor-element-populated\">\n\t\t\t\t\t\t\t\t<div class=\"elementor-element elementor-element-1740b00 elementor-widget elementor-widget-image\" data-id=\"1740b00\" data-element_type=\"widget\" data-widget_type=\"image.default\">\n\t\t\t\t<div class=\"elementor-widget-container\">\n\t\t\t\t\t\t\t\t\t\t\t\t\t\t\t<img loading=\"lazy\" decoding=\"async\" width=\"683\" height=\"1024\" src=\"https:\/\/pt-020.nl\/wp-content\/uploads\/2023\/02\/food-fruit-683x1024.jpg\" class=\"attachment-large size-large wp-image-2237\" alt=\"Voeding PT020 Personal training Amsterdam Personal training\" srcset=\"https:\/\/pt-020.nl\/wp-content\/uploads\/2023\/02\/food-fruit-683x1024.jpg 683w, https:\/\/pt-020.nl\/wp-content\/uploads\/2023\/02\/food-fruit-200x300.jpg 200w, https:\/\/pt-020.nl\/wp-content\/uploads\/2023\/02\/food-fruit-768x1152.jpg 768w, https:\/\/pt-020.nl\/wp-content\/uploads\/2023\/02\/food-fruit.jpg 800w\" sizes=\"auto, (max-width: 683px) 100vw, 683px\" \/>\t\t\t\t\t\t\t\t\t\t\t\t\t\t\t<\/div>\n\t\t\t\t<\/div>\n\t\t\t\t\t<\/div>\n\t\t<\/div>\n\t\t\t\t\t\t\t<\/div>\n\t\t<\/section>\n\t\t\t\t\t\t\t<\/div>\n\t\t","protected":false},"excerpt":{"rendered":"<p>Voeding als Fundament Zonder de juiste voedingsstoffen zul je nooit je volledige potentieel bereiken. Gezonde voeding is essentieel voor echte resultaten. Daarom ondersteunen we je met een persoonlijk voedingsplan naast je training. Afgestemd op Jouw Lichaam Iedereen reageert anders op voeding. Wij geloven niet in one-size-fits-all di\u00ebten\u2014onze aanpak is volledig gepersonaliseerd. Je leert luisteren naar [&hellip;]<\/p>\n","protected":false},"author":11,"featured_media":0,"parent":0,"menu_order":0,"comment_status":"closed","ping_status":"closed","template":"","meta":{"inline_featured_image":false,"_sitemap_exclude":false,"_sitemap_priority":"","_sitemap_frequency":"","footnotes":""},"class_list":["post-1021","page","type-page","status-publish","hentry"],"_links":{"self":[{"href":"https:\/\/pt-020.nl\/nl\/wp-json\/wp\/v2\/pages\/1021","targetHints":{"allow":["GET"]}}],"collection":[{"href":"https:\/\/pt-020.nl\/nl\/wp-json\/wp\/v2\/pages"}],"about":[{"href":"https:\/\/pt-020.nl\/nl\/wp-json\/wp\/v2\/types\/page"}],"author":[{"embeddable":true,"href":"https:\/\/pt-020.nl\/nl\/wp-json\/wp\/v2\/users\/11"}],"replies":[{"embeddable":true,"href":"https:\/\/pt-020.nl\/nl\/wp-json\/wp\/v2\/comments?post=1021"}],"version-history":[{"count":21,"href":"https:\/\/pt-020.nl\/nl\/wp-json\/wp\/v2\/pages\/1021\/revisions"}],"predecessor-version":[{"id":5680,"href":"https:\/\/pt-020.nl\/nl\/wp-json\/wp\/v2\/pages\/1021\/revisions\/5680"}],"wp:attachment":[{"href":"https:\/\/pt-020.nl\/nl\/wp-json\/wp\/v2\/media?parent=1021"}],"curies":[{"name":"wp","href":"https:\/\/api.w.org\/{rel}","templated":true}]}}